{"id":146,"date":"2019-05-17T14:58:05","date_gmt":"2019-05-17T12:58:05","guid":{"rendered":"http:\/\/wprt.home.pl\/autoinstalator\/wordpressplugins\/?page_id=146"},"modified":"2019-05-17T22:50:58","modified_gmt":"2019-05-17T20:50:58","slug":"pracownicy","status":"publish","type":"page","link":"https:\/\/www.wprt.com.pl\/autoinstalator\/wordpressplugins\/index.php\/budujemy-z-pasja-do-nowych-technologii\/potencjal\/pracownicy\/","title":{"rendered":"Pracownicy"},"content":{"rendered":"\n<p><strong>Wysoce wykwalifikowani pracownicy naszej firmy mog\u0105 wykona\u0107 w ci\u0105gu roku:<\/strong><\/p>\n\n\n\n<ul class=\"wp-block-list\"><li> kanalizacj\u0119 telefoniczn\u0105 w ilo\u015bci 500 km\/otw.<\/li><li>wci\u0105gni\u0119cie i monta\u017c kabli sieci miejscowej, magistralnej i rozdzielczej w ilo\u015bci 100.000 km\/par<\/li><li>kanalizacj\u0119 wt\u00f3rn\u0105 dla kabli \u015bwiat\u0142owodowych o d\u0142ugo\u015bci 800 km<\/li><li>wci\u0105gni\u0119cie i monta\u017c kabli \u015bwiat\u0142owodowych o d\u0142ugo\u015bci 800 km <\/li><\/ul>\n\n\n\n<p><\/p>\n","protected":false},"excerpt":{"rendered":"<p>Wysoce wykwalifikowani pracownicy naszej firmy mog\u0105 wykona\u0107 w ci\u0105gu roku: kanalizacj\u0119 telefoniczn\u0105 w ilo\u015bci 500 km\/otw. wci\u0105gni\u0119cie i monta\u017c kabli sieci miejscowej, magistralnej i rozdzielczej w ilo\u015bci 100.000 km\/par kanalizacj\u0119 wt\u00f3rn\u0105 dla kabli \u015bwiat\u0142owodowych o d\u0142ugo\u015bci 800 km wci\u0105gni\u0119cie i monta\u017c kabli \u015bwiat\u0142owodowych o d\u0142ugo\u015bci 800 km<\/p>\n","protected":false},"author":1,"featured_media":0,"parent":48,"menu_order":12,"comment_status":"closed","ping_status":"closed","template":"","meta":{"footnotes":""},"class_list":["post-146","page","type-page","status-publish","hentry"],"_links":{"self":[{"href":"https:\/\/www.wprt.com.pl\/autoinstalator\/wordpressplugins\/index.php\/wp-json\/wp\/v2\/pages\/146","targetHints":{"allow":["GET"]}}],"collection":[{"href":"https:\/\/www.wprt.com.pl\/autoinstalator\/wordpressplugins\/index.php\/wp-json\/wp\/v2\/pages"}],"about":[{"href":"https:\/\/www.wprt.com.pl\/autoinstalator\/wordpressplugins\/index.php\/wp-json\/wp\/v2\/types\/page"}],"author":[{"embeddable":true,"href":"https:\/\/www.wprt.com.pl\/autoinstalator\/wordpressplugins\/index.php\/wp-json\/wp\/v2\/users\/1"}],"replies":[{"embeddable":true,"href":"https:\/\/www.wprt.com.pl\/autoinstalator\/wordpressplugins\/index.php\/wp-json\/wp\/v2\/comments?post=146"}],"version-history":[{"count":1,"href":"https:\/\/www.wprt.com.pl\/autoinstalator\/wordpressplugins\/index.php\/wp-json\/wp\/v2\/pages\/146\/revisions"}],"predecessor-version":[{"id":147,"href":"https:\/\/www.wprt.com.pl\/autoinstalator\/wordpressplugins\/index.php\/wp-json\/wp\/v2\/pages\/146\/revisions\/147"}],"up":[{"embeddable":true,"href":"https:\/\/www.wprt.com.pl\/autoinstalator\/wordpressplugins\/index.php\/wp-json\/wp\/v2\/pages\/48"}],"wp:attachment":[{"href":"https:\/\/www.wprt.com.pl\/autoinstalator\/wordpressplugins\/index.php\/wp-json\/wp\/v2\/media?parent=146"}],"curies":[{"name":"wp","href":"https:\/\/api.w.org\/{rel}","templated":true}]}}