{"id":54,"date":"2019-05-17T11:44:12","date_gmt":"2019-05-17T09:44:12","guid":{"rendered":"http:\/\/wprt.home.pl\/autoinstalator\/wordpressplugins\/?page_id=54"},"modified":"2026-02-11T11:56:06","modified_gmt":"2026-02-11T10:56:06","slug":"budujemy-z-pasja-do-nowych-technologii","status":"publish","type":"page","link":"https:\/\/www.wprt.com.pl\/autoinstalator\/wordpressplugins\/","title":{"rendered":"Budujemy z pasj\u0105 do nowych technologii"},"content":{"rendered":"\r\n<p><!--more--><\/p>\r\n<p class=\"has-text-align-center\" style=\"font-size: 20px;\"><em><strong>Warszawskie Przedsi\u0119biorstwo Rob\u00f3t Telekomunikacyjnych istnieje od 1950 roku jako Sp\u00f3\u0142ka Akcyjna. <\/strong><\/em><\/p>\r\n<hr \/>\r\n<p class=\"has-text-align-center\" style=\"font-size: 20px;\"><em><strong>W lipcu 2025 roku zosta\u0142o przekszta\u0142cone w Sp\u00f3\u0142k\u0119 z ograniczon\u0105 odpowiedzialno\u015bci\u0105.<\/strong><\/em><\/p>\r\n\r\n\r\n\r\n<div class=\"wp-block-columns has-3-columns is-layout-flex wp-container-core-columns-is-layout-9d6595d7 wp-block-columns-is-layout-flex\">\r\n<div class=\"wp-block-column is-layout-flow wp-block-column-is-layout-flow\">\r\n<figure class=\"wp-block-image\"><img loading=\"lazy\" decoding=\"async\" class=\"alignnone size-medium wp-image-1066\" src=\"https:\/\/www.wprt.com.pl\/autoinstalator\/wordpressplugins\/wp-content\/uploads\/2025\/07\/emaliowa9-300x164.png\" alt=\"Emaliowa 9\" width=\"300\" height=\"164\" srcset=\"https:\/\/www.wprt.com.pl\/autoinstalator\/wordpressplugins\/wp-content\/uploads\/2025\/07\/emaliowa9-300x164.png 300w, https:\/\/www.wprt.com.pl\/autoinstalator\/wordpressplugins\/wp-content\/uploads\/2025\/07\/emaliowa9-1024x561.png 1024w, https:\/\/www.wprt.com.pl\/autoinstalator\/wordpressplugins\/wp-content\/uploads\/2025\/07\/emaliowa9-768x421.png 768w, https:\/\/www.wprt.com.pl\/autoinstalator\/wordpressplugins\/wp-content\/uploads\/2025\/07\/emaliowa9-600x329.png 600w, https:\/\/www.wprt.com.pl\/autoinstalator\/wordpressplugins\/wp-content\/uploads\/2025\/07\/emaliowa9.png 1470w\" sizes=\"auto, (max-width: 300px) 100vw, 300px\" \/>\r\n<figcaption><br \/><strong>Warszawskie Przedsi\u0119biorstwo Rob\u00f3t Telekomunikacyjnych S.A.<\/strong> by\u0142o sp\u00f3\u0142k\u0105 akcyjn\u0105, kt\u00f3ra powsta\u0142a 23 listopada 1991 roku, w wyniku przekszta\u0142cenia przedsi\u0119biorstwa pa\u0144stwowego o 40-letniej tradycji. W dniu 22 lipca 2025 roku zosta\u0142o przekszta\u0142cone w <strong>Warszawskie Przedsi\u0119biorstwo Rob\u00f3t Telekomunikacyjnych Sp. z o.o.<\/strong><\/figcaption>\r\n<\/figure>\r\n<\/div>\r\n\r\n\r\n\r\n<div class=\"wp-block-column is-layout-flow wp-block-column-is-layout-flow\">\r\n<figure class=\"wp-block-image\"><a href=\"https:\/\/www.wprt.com.pl\/index.php\/budujemy-z-pasja-do-nowych-technologii\/oferta\/budowa-infrastruktury-telekomunikacyjnej\/\"><img loading=\"lazy\" decoding=\"async\" width=\"400\" height=\"202\" class=\"wp-image-137\" src=\"http:\/\/wprt.home.pl\/autoinstalator\/wordpressplugins\/wp-content\/uploads\/2019\/05\/4.jpg\" alt=\"\" srcset=\"https:\/\/www.wprt.com.pl\/autoinstalator\/wordpressplugins\/wp-content\/uploads\/2019\/05\/4.jpg 400w, https:\/\/www.wprt.com.pl\/autoinstalator\/wordpressplugins\/wp-content\/uploads\/2019\/05\/4-300x152.jpg 300w\" sizes=\"auto, (max-width: 400px) 100vw, 400px\" \/><\/a>\r\n<figcaption><strong>Specjalizujemy<\/strong> <strong>si\u0119 w<\/strong> projektowaniu i kompleksowej budowie \u015brodk\u00f3w \u0142\u0105czno\u015bci. Nasze przedsi\u0119biorstwo realizuje zadania na terenie ca\u0142ego kraju.<\/figcaption>\r\n<\/figure>\r\n\r\n\r\n\r\n<p>&nbsp;<\/p>\r\n<\/div>\r\n\r\n\r\n\r\n<div class=\"wp-block-column is-layout-flow wp-block-column-is-layout-flow\">\r\n<figure class=\"wp-block-image\"><a href=\"https:\/\/www.wprt.com.pl\/index.php\/budujemy-z-pasja-do-nowych-technologii\/potencjal\/\"><img loading=\"lazy\" decoding=\"async\" width=\"260\" height=\"131\" class=\"wp-image-141\" src=\"http:\/\/wprt.home.pl\/autoinstalator\/wordpressplugins\/wp-content\/uploads\/2019\/05\/startimage04.jpg\" alt=\"\" \/><\/a>\r\n<figcaption><strong>Posiadamy<\/strong> bogate zaplecze techniczne. Nasze zadania realizujemy na terenie ca\u0142ego kraju.<\/figcaption>\r\n<\/figure>\r\n<\/div>\r\n<\/div>\r\n\r\n\r\n\r\n<div class=\"wp-block-columns has-3-columns is-layout-flex wp-container-core-columns-is-layout-9d6595d7 wp-block-columns-is-layout-flex\">\r\n<div class=\"wp-block-column is-layout-flow wp-block-column-is-layout-flow\">\r\n<figure class=\"wp-block-image\"><a href=\"https:\/\/www.wprt.com.pl\/index.php\/budujemy-z-pasja-do-nowych-technologii\/oferta\/\"><img loading=\"lazy\" decoding=\"async\" width=\"272\" height=\"131\" class=\"wp-image-82\" src=\"http:\/\/wprt.home.pl\/autoinstalator\/wordpressplugins\/wp-content\/uploads\/2019\/05\/startimage03.jpg\" alt=\"\" \/><\/a>\r\n<figcaption><strong>Oferujemy<\/strong> kompleksowe us\u0142ugi w zakresie budowy wewn\u0105trz budynkowych system\u00f3w:<br \/>telekomunikacyjnych i teleinformatycznych: pocz\u0105wszy od projektu, poprzez monta\u017c okablowania a\u017c do instalacji element\u00f3w aktywnych sieci i urz\u0105dze\u0144 telekomunikacyjnych,<\/figcaption>\r\n<\/figure>\r\n\r\n\r\n\r\n<p>&nbsp;<\/p>\r\n<\/div>\r\n\r\n\r\n\r\n<div class=\"wp-block-column is-layout-flow wp-block-column-is-layout-flow\">\r\n\r\n\r\n<p>&nbsp;<\/p>\r\n<\/div>\r\n\r\n\r\n\r\n<div class=\"wp-block-column is-layout-flow wp-block-column-is-layout-flow\">\r\n<figure class=\"wp-block-image\"><img loading=\"lazy\" decoding=\"async\" width=\"272\" height=\"131\" class=\"wp-image-168\" src=\"http:\/\/wprt.home.pl\/autoinstalator\/wordpressplugins\/wp-content\/uploads\/2019\/05\/startimage05.jpg\" alt=\"\" \/>\r\n<figcaption><strong>Wieloletnia<\/strong> <strong>obecno\u015b\u0107<\/strong> na rynku telekomunikacyjnym pozwoli\u0142a nam zaj\u0105\u0107 trwa\u0142\u0105 i wiod\u0105c\u0105 pozycj\u0119 firmy specjalizuj\u0105cej si\u0119 w kompletowaniu i zaopatrywaniu klient\u00f3w w osprz\u0119t telekomunikacyjny i teleinformatyczny<\/figcaption>\r\n<\/figure>\r\n\r\n\r\n\r\n<p>&nbsp;<\/p>\r\n<\/div>\r\n<\/div>\r\n","protected":false},"excerpt":{"rendered":"","protected":false},"author":1,"featured_media":0,"parent":0,"menu_order":0,"comment_status":"closed","ping_status":"closed","template":"","meta":{"footnotes":""},"class_list":["post-54","page","type-page","status-publish","hentry"],"_links":{"self":[{"href":"https:\/\/www.wprt.com.pl\/autoinstalator\/wordpressplugins\/index.php\/wp-json\/wp\/v2\/pages\/54","targetHints":{"allow":["GET"]}}],"collection":[{"href":"https:\/\/www.wprt.com.pl\/autoinstalator\/wordpressplugins\/index.php\/wp-json\/wp\/v2\/pages"}],"about":[{"href":"https:\/\/www.wprt.com.pl\/autoinstalator\/wordpressplugins\/index.php\/wp-json\/wp\/v2\/types\/page"}],"author":[{"embeddable":true,"href":"https:\/\/www.wprt.com.pl\/autoinstalator\/wordpressplugins\/index.php\/wp-json\/wp\/v2\/users\/1"}],"replies":[{"embeddable":true,"href":"https:\/\/www.wprt.com.pl\/autoinstalator\/wordpressplugins\/index.php\/wp-json\/wp\/v2\/comments?post=54"}],"version-history":[{"count":76,"href":"https:\/\/www.wprt.com.pl\/autoinstalator\/wordpressplugins\/index.php\/wp-json\/wp\/v2\/pages\/54\/revisions"}],"predecessor-version":[{"id":718,"href":"https:\/\/www.wprt.com.pl\/autoinstalator\/wordpressplugins\/index.php\/wp-json\/wp\/v2\/pages\/54\/revisions\/718"}],"wp:attachment":[{"href":"https:\/\/www.wprt.com.pl\/autoinstalator\/wordpressplugins\/index.php\/wp-json\/wp\/v2\/media?parent=54"}],"curies":[{"name":"wp","href":"https:\/\/api.w.org\/{rel}","templated":true}]}}