{"id":95,"date":"2019-12-31T13:21:53","date_gmt":"2019-12-31T12:21:53","guid":{"rendered":"http:\/\/wprt.home.pl\/autoinstalator\/wordpressplugins\/?page_id=95"},"modified":"2026-02-11T11:47:17","modified_gmt":"2026-02-11T10:47:17","slug":"kontakt","status":"publish","type":"page","link":"https:\/\/www.wprt.com.pl\/autoinstalator\/wordpressplugins\/index.php\/budujemy-z-pasja-do-nowych-technologii\/kontakt\/","title":{"rendered":"Kontakt"},"content":{"rendered":"\r\n<div class=\"wp-block-columns has-2-columns is-layout-flex wp-container-core-columns-is-layout-9d6595d7 wp-block-columns-is-layout-flex\">\r\n<div class=\"wp-block-column is-layout-flow wp-block-column-is-layout-flow\"><\/div>\r\n\r\n\r\n\r\n<div class=\"wp-block-column is-layout-flow wp-block-column-is-layout-flow\">\r\n<p><img loading=\"lazy\" decoding=\"async\" class=\"wp-image-1090 alignleft\" src=\"https:\/\/www.wprt.com.pl\/autoinstalator\/wordpressplugins\/wp-content\/uploads\/2026\/02\/qr-code-wprt-300x300.png\" alt=\"\" width=\"279\" height=\"279\" srcset=\"https:\/\/www.wprt.com.pl\/autoinstalator\/wordpressplugins\/wp-content\/uploads\/2026\/02\/qr-code-wprt-300x300.png 300w, https:\/\/www.wprt.com.pl\/autoinstalator\/wordpressplugins\/wp-content\/uploads\/2026\/02\/qr-code-wprt-1024x1024.png 1024w, https:\/\/www.wprt.com.pl\/autoinstalator\/wordpressplugins\/wp-content\/uploads\/2026\/02\/qr-code-wprt-150x150.png 150w, https:\/\/www.wprt.com.pl\/autoinstalator\/wordpressplugins\/wp-content\/uploads\/2026\/02\/qr-code-wprt-768x768.png 768w, https:\/\/www.wprt.com.pl\/autoinstalator\/wordpressplugins\/wp-content\/uploads\/2026\/02\/qr-code-wprt-600x600.png 600w, https:\/\/www.wprt.com.pl\/autoinstalator\/wordpressplugins\/wp-content\/uploads\/2026\/02\/qr-code-wprt-100x100.png 100w, https:\/\/www.wprt.com.pl\/autoinstalator\/wordpressplugins\/wp-content\/uploads\/2026\/02\/qr-code-wprt.png 1068w\" sizes=\"auto, (max-width: 279px) 100vw, 279px\" \/><\/p>\r\n<p class=\"has-text-align-right\" style=\"text-align: left;\"><strong>KONTAKT<\/strong><\/p>\r\n\r\n\r\n\r\n<p class=\"has-text-align-right\" style=\"text-align: left;\">Warszawskie Przedsi\u0119biorstwo Rob\u00f3t Te<span style=\"font-size: 1rem;\">lekomunikacyjnych <\/span><span style=\"font-size: 1rem;\">Sp\u00f3\u0142ka z ograniczon\u0105 odpowiedzialno\u015bci\u0105<\/span><\/p>\r\n<p class=\"has-text-align-right\" style=\"text-align: left;\">02-295 Warszawa<br \/>ul. Emaliowa 9<\/p>\r\n\r\n\r\n\r\n<p class=\"has-text-align-right\" style=\"text-align: left;\"><strong>e-mail:\u00a0<\/strong>wprt@wprt.com.pl<\/p>\r\n\r\n\r\n\r\n<p class=\"has-text-align-right\" style=\"text-align: left;\"><strong>Centrala: <\/strong><strong>tel.<\/strong> 22 350 70 32<\/p>\r\n<p style=\"text-align: left;\">\u00a0<\/p>\r\n\r\n\r\n<\/div>\r\n<\/div>\r\n\r\n\r\n\r\n\r\n","protected":false},"excerpt":{"rendered":"<p>KONTAKT Warszawskie Przedsi\u0119biorstwo Rob\u00f3t Telekomunikacyjnych Sp\u00f3\u0142ka z ograniczon\u0105 odpowiedzialno\u015bci\u0105 02-295 Warszawaul. Emaliowa 9 e-mail:\u00a0wprt@wprt.com.pl Centrala: tel. 22 350 70 32 \u00a0<\/p>\n","protected":false},"author":1,"featured_media":0,"parent":54,"menu_order":14,"comment_status":"closed","ping_status":"closed","template":"","meta":{"footnotes":""},"class_list":["post-95","page","type-page","status-publish","hentry"],"_links":{"self":[{"href":"https:\/\/www.wprt.com.pl\/autoinstalator\/wordpressplugins\/index.php\/wp-json\/wp\/v2\/pages\/95","targetHints":{"allow":["GET"]}}],"collection":[{"href":"https:\/\/www.wprt.com.pl\/autoinstalator\/wordpressplugins\/index.php\/wp-json\/wp\/v2\/pages"}],"about":[{"href":"https:\/\/www.wprt.com.pl\/autoinstalator\/wordpressplugins\/index.php\/wp-json\/wp\/v2\/types\/page"}],"author":[{"embeddable":true,"href":"https:\/\/www.wprt.com.pl\/autoinstalator\/wordpressplugins\/index.php\/wp-json\/wp\/v2\/users\/1"}],"replies":[{"embeddable":true,"href":"https:\/\/www.wprt.com.pl\/autoinstalator\/wordpressplugins\/index.php\/wp-json\/wp\/v2\/comments?post=95"}],"version-history":[{"count":19,"href":"https:\/\/www.wprt.com.pl\/autoinstalator\/wordpressplugins\/index.php\/wp-json\/wp\/v2\/pages\/95\/revisions"}],"predecessor-version":[{"id":1092,"href":"https:\/\/www.wprt.com.pl\/autoinstalator\/wordpressplugins\/index.php\/wp-json\/wp\/v2\/pages\/95\/revisions\/1092"}],"up":[{"embeddable":true,"href":"https:\/\/www.wprt.com.pl\/autoinstalator\/wordpressplugins\/index.php\/wp-json\/wp\/v2\/pages\/54"}],"wp:attachment":[{"href":"https:\/\/www.wprt.com.pl\/autoinstalator\/wordpressplugins\/index.php\/wp-json\/wp\/v2\/media?parent=95"}],"curies":[{"name":"wp","href":"https:\/\/api.w.org\/{rel}","templated":true}]}}