{"id":924,"date":"2024-06-17T10:24:06","date_gmt":"2024-06-17T08:24:06","guid":{"rendered":"https:\/\/www.wprt.com.pl\/autoinstalator\/wordpressplugins\/?post_type=product&#038;p=924"},"modified":"2024-06-17T10:24:26","modified_gmt":"2024-06-17T08:24:26","slug":"grundomaty","status":"publish","type":"product","link":"https:\/\/www.wprt.com.pl\/autoinstalator\/wordpressplugins\/index.php\/produkt\/grundomaty\/","title":{"rendered":"Grundomaty"},"content":{"rendered":"<p>W ofercie posiadamy r\u00f3\u017cne rodzaje tych urz\u0105dze\u0144:<\/p>\n<ul>\n<li>HERCU &#8211; HP 130L<\/li>\n<li>HERCU &#8211;\u00a0 HP 95W<\/li>\n<li>160P<\/li>\n<li>\u00a075P<\/li>\n<li>145P<\/li>\n<\/ul>\n<p>Osoby zainteresowane wykazem i dok\u0142adn\u0105 specyfikacj\u0105 prosimy o bezpo\u015bredni kontakt ze Sp\u00f3\u0142k\u0105.<\/p>\n<p>&nbsp;<\/p>\n\n<div class=\"wpcf7 no-js\" id=\"wpcf7-f607-o1\" lang=\"pl-PL\" dir=\"ltr\" data-wpcf7-id=\"607\">\n<div class=\"screen-reader-response\"><p role=\"status\" aria-live=\"polite\" aria-atomic=\"true\"><\/p> <ul><\/ul><\/div>\n<form action=\"\/autoinstalator\/wordpressplugins\/index.php\/wp-json\/wp\/v2\/product\/924#wpcf7-f607-o1\" method=\"post\" class=\"wpcf7-form init\" aria-label=\"Formularz kontaktowy\" novalidate=\"novalidate\" data-status=\"init\">\n<fieldset class=\"hidden-fields-container\"><input type=\"hidden\" name=\"_wpcf7\" value=\"607\" \/><input type=\"hidden\" name=\"_wpcf7_version\" value=\"6.1.5\" \/><input type=\"hidden\" name=\"_wpcf7_locale\" value=\"pl_PL\" \/><input type=\"hidden\" name=\"_wpcf7_unit_tag\" value=\"wpcf7-f607-o1\" \/><input type=\"hidden\" name=\"_wpcf7_container_post\" value=\"0\" \/><input type=\"hidden\" name=\"_wpcf7_posted_data_hash\" value=\"\" \/><input type=\"hidden\" name=\"_wpcf7_recaptcha_response\" value=\"\" \/>\n<\/fieldset>\n<p><label> Imi\u0119 i nazwisko (wymagane)<br \/>\n<span class=\"wpcf7-form-control-wrap\" data-name=\"your-name\"><input size=\"40\" maxlength=\"400\" class=\"wpcf7-form-control wpcf7-text wpcf7-validates-as-required\" aria-required=\"true\" aria-invalid=\"false\" value=\"\" type=\"text\" name=\"your-name\" \/><\/span> <\/label>\n<\/p>\n<p><label> Adres email (wymagane)<br \/>\n<span class=\"wpcf7-form-control-wrap\" data-name=\"your-email\"><input size=\"40\" maxlength=\"400\" class=\"wpcf7-form-control wpcf7-email wpcf7-validates-as-required wpcf7-text wpcf7-validates-as-email\" aria-required=\"true\" aria-invalid=\"false\" value=\"\" type=\"email\" name=\"your-email\" \/><\/span> <\/label>\n<\/p>\n<p><label> Temat<br \/>\n<span class=\"wpcf7-form-control-wrap\" data-name=\"your-subject\"><input size=\"40\" maxlength=\"400\" class=\"wpcf7-form-control wpcf7-text\" aria-invalid=\"false\" value=\"\" type=\"text\" name=\"your-subject\" \/><\/span> <\/label>\n<\/p>\n<p><label> Tre\u015b\u0107 wiadomo\u015bci<br \/>\n<span class=\"wpcf7-form-control-wrap\" data-name=\"your-message\"><textarea cols=\"40\" rows=\"10\" maxlength=\"2000\" class=\"wpcf7-form-control wpcf7-textarea\" aria-invalid=\"false\" name=\"your-message\"><\/textarea><\/span> <\/label>\n<\/p>\n<p><span class=\"wpcf7-form-control-wrap\" data-name=\"checkbox-775\"><span class=\"wpcf7-form-control wpcf7-checkbox wpcf7-validates-as-required\"><span class=\"wpcf7-list-item first last\"><input type=\"checkbox\" name=\"checkbox-775[]\" value=\"Zgoda na przetwarzanie danych zawartych w formularzu.\" \/><span class=\"wpcf7-list-item-label\">Zgoda na przetwarzanie danych zawartych w formularzu.<\/span><\/span><\/span><\/span>\n<\/p>\n<p>Wyra\u017cam zgod\u0119 na przetwarzanie danych umieszczonych w powy\u017cszym formularzu w celu nawi\u0105zania kontaktu z Warszawskim Przedsi\u0119biorstwem Rob\u00f3t Telekomunikacyjnych Sp z o.o.\n<\/p>\n<p><input class=\"wpcf7-form-control wpcf7-submit has-spinner\" type=\"submit\" value=\"Wy\u015blij\" \/>\n<\/p><div class=\"wpcf7-response-output\" aria-hidden=\"true\"><\/div>\n<\/form>\n<\/div>\n\n","protected":false},"excerpt":{"rendered":"<p>W ofercie posiadamy r\u00f3\u017cne rodzaje tych urz\u0105dze\u0144: HERCU &#8211; HP 130L HERCU &#8211;\u00a0 HP 95W 160P \u00a075P 145P Osoby zainteresowane wykazem i dok\u0142adn\u0105 specyfikacj\u0105 prosimy o bezpo\u015bredni kontakt ze Sp\u00f3\u0142k\u0105. &nbsp;<\/p>\n","protected":false},"featured_media":933,"template":"","meta":[],"product_brand":[],"product_cat":[35],"product_tag":[],"class_list":{"0":"post-924","1":"product","2":"type-product","3":"status-publish","4":"has-post-thumbnail","6":"product_cat-maszyny","8":"first","9":"onbackorder","10":"taxable","11":"shipping-taxable","12":"product-type-simple"},"_links":{"self":[{"href":"https:\/\/www.wprt.com.pl\/autoinstalator\/wordpressplugins\/index.php\/wp-json\/wp\/v2\/product\/924","targetHints":{"allow":["GET"]}}],"collection":[{"href":"https:\/\/www.wprt.com.pl\/autoinstalator\/wordpressplugins\/index.php\/wp-json\/wp\/v2\/product"}],"about":[{"href":"https:\/\/www.wprt.com.pl\/autoinstalator\/wordpressplugins\/index.php\/wp-json\/wp\/v2\/types\/product"}],"wp:featuredmedia":[{"embeddable":true,"href":"https:\/\/www.wprt.com.pl\/autoinstalator\/wordpressplugins\/index.php\/wp-json\/wp\/v2\/media\/933"}],"wp:attachment":[{"href":"https:\/\/www.wprt.com.pl\/autoinstalator\/wordpressplugins\/index.php\/wp-json\/wp\/v2\/media?parent=924"}],"wp:term":[{"taxonomy":"product_brand","embeddable":true,"href":"https:\/\/www.wprt.com.pl\/autoinstalator\/wordpressplugins\/index.php\/wp-json\/wp\/v2\/product_brand?post=924"},{"taxonomy":"product_cat","embeddable":true,"href":"https:\/\/www.wprt.com.pl\/autoinstalator\/wordpressplugins\/index.php\/wp-json\/wp\/v2\/product_cat?post=924"},{"taxonomy":"product_tag","embeddable":true,"href":"https:\/\/www.wprt.com.pl\/autoinstalator\/wordpressplugins\/index.php\/wp-json\/wp\/v2\/product_tag?post=924"}],"curies":[{"name":"wp","href":"https:\/\/api.w.org\/{rel}","templated":true}]}}